{"id":922,"date":"2026-03-03T16:56:22","date_gmt":"2026-03-03T15:56:22","guid":{"rendered":"https:\/\/www.communeoti1.org\/?page_id=922"},"modified":"2026-03-03T17:29:27","modified_gmt":"2026-03-03T16:29:27","slug":"sport-et-loisirs","status":"publish","type":"page","link":"https:\/\/www.communeoti1.org\/index.php\/sport-et-loisirs\/","title":{"rendered":"Sport et loisirs"},"content":{"rendered":"\t\t<div data-elementor-type=\"wp-page\" data-elementor-id=\"922\" class=\"elementor elementor-922\">\n\t\t\t\t\t\t<section class=\"elementor-section elementor-top-section elementor-element elementor-element-e85b9dd elementor-section-boxed elementor-section-height-default elementor-section-height-default\" data-id=\"e85b9dd\" data-element_type=\"section\" data-e-type=\"section\">\n\t\t\t\t\t\t<div class=\"elementor-container elementor-column-gap-default\">\n\t\t\t\t\t<div class=\"elementor-column elementor-col-100 elementor-top-column elementor-element elementor-element-4b23daf\" data-id=\"4b23daf\" data-element_type=\"column\" data-e-type=\"column\">\n\t\t\t<div class=\"elementor-widget-wrap elementor-element-populated\">\n\t\t\t\t\t\t<div class=\"elementor-element elementor-element-992880e elementor-widget elementor-widget-heading\" data-id=\"992880e\" data-element_type=\"widget\" data-e-type=\"widget\" data-widget_type=\"heading.default\">\n\t\t\t\t<div class=\"elementor-widget-container\">\n\t\t\t\t\t<h2 class=\"elementor-heading-title elementor-size-default\">Sport et loisirs<\/h2>\t\t\t\t<\/div>\n\t\t\t\t<\/div>\n\t\t\t\t<div class=\"elementor-element elementor-element-2bfc455 elementor-widget-divider--view-line elementor-widget elementor-widget-divider\" data-id=\"2bfc455\" data-element_type=\"widget\" data-e-type=\"widget\" data-widget_type=\"divider.default\">\n\t\t\t\t<div class=\"elementor-widget-container\">\n\t\t\t\t\t\t\t<div class=\"elementor-divider\">\n\t\t\t<span class=\"elementor-divider-separator\">\n\t\t\t\t\t\t<\/span>\n\t\t<\/div>\n\t\t\t\t\t\t<\/div>\n\t\t\t\t<\/div>\n\t\t\t\t<div class=\"elementor-element elementor-element-48af563 elementor-widget elementor-widget-text-editor\" data-id=\"48af563\" data-element_type=\"widget\" data-e-type=\"widget\" data-widget_type=\"text-editor.default\">\n\t\t\t\t<div class=\"elementor-widget-container\">\n\t\t\t\t\t\t\t\t\t<p>Les activit\u00e9s sportives se r\u00e9sument au football se pratique sur le terrain municipal.\u00a0 Ce dernier accueille les rencontres officielles du championnat national de la premi\u00e8re et de la deuxi\u00e8me divisions et d\u2019autres comp\u00e9titions. La commune dispose d\u2019une \u00e9quipe \u00e9voluant en deuxi\u00e8me division. Ces rencontres suscitent beaucoup d\u2019engouement de la part des populations. On note aussi l\u2019existence de terrains de football dans les \u00e9coles. En termes de pratiques sportives, quelques disciplines font l\u2019objet de s\u00e9ances dans un cadre exclusivement scolaire (courses, saut en longueur, saut en hauteur\u2026).<\/p><p>Des installations sportives de tennis, de basketball, handball, volleyball existent \u00e0 Mango.<\/p><p>La commune dispose de centres de loisirs \u00e0 savoir\u00a0: maison des jeunes de Mango, centres communautaires de Mango, de Nakorkou, Gnangbandi.<\/p>\t\t\t\t\t\t\t\t<\/div>\n\t\t\t\t<\/div>\n\t\t\t\t\t<\/div>\n\t\t<\/div>\n\t\t\t\t\t<\/div>\n\t\t<\/section>\n\t\t\t\t<\/div>\n\t\t","protected":false},"excerpt":{"rendered":"<p>Sport et loisirs Les activit\u00e9s sportives se r\u00e9sument au football se pratique sur le terrain municipal.\u00a0 Ce dernier accueille les rencontres officielles du championnat national&hellip;<\/p>\n","protected":false},"author":1,"featured_media":924,"parent":0,"menu_order":0,"comment_status":"closed","ping_status":"closed","template":"","meta":{"footnotes":""},"class_list":["post-922","page","type-page","status-publish","has-post-thumbnail","hentry"],"_links":{"self":[{"href":"https:\/\/www.communeoti1.org\/index.php\/wp-json\/wp\/v2\/pages\/922","targetHints":{"allow":["GET"]}}],"collection":[{"href":"https:\/\/www.communeoti1.org\/index.php\/wp-json\/wp\/v2\/pages"}],"about":[{"href":"https:\/\/www.communeoti1.org\/index.php\/wp-json\/wp\/v2\/types\/page"}],"author":[{"embeddable":true,"href":"https:\/\/www.communeoti1.org\/index.php\/wp-json\/wp\/v2\/users\/1"}],"replies":[{"embeddable":true,"href":"https:\/\/www.communeoti1.org\/index.php\/wp-json\/wp\/v2\/comments?post=922"}],"version-history":[{"count":4,"href":"https:\/\/www.communeoti1.org\/index.php\/wp-json\/wp\/v2\/pages\/922\/revisions"}],"predecessor-version":[{"id":929,"href":"https:\/\/www.communeoti1.org\/index.php\/wp-json\/wp\/v2\/pages\/922\/revisions\/929"}],"wp:featuredmedia":[{"embeddable":true,"href":"https:\/\/www.communeoti1.org\/index.php\/wp-json\/wp\/v2\/media\/924"}],"wp:attachment":[{"href":"https:\/\/www.communeoti1.org\/index.php\/wp-json\/wp\/v2\/media?parent=922"}],"curies":[{"name":"wp","href":"https:\/\/api.w.org\/{rel}","templated":true}]}}