{"id":778,"date":"2026-02-17T17:59:44","date_gmt":"2026-02-17T16:59:44","guid":{"rendered":"https:\/\/www.communeoti1.org\/?page_id=778"},"modified":"2026-03-03T12:33:14","modified_gmt":"2026-03-03T11:33:14","slug":"economie-locale","status":"publish","type":"page","link":"https:\/\/www.communeoti1.org\/index.php\/economie-locale\/","title":{"rendered":"\u00c9CONOMIE LOCALE"},"content":{"rendered":"\t\t<div data-elementor-type=\"wp-page\" data-elementor-id=\"778\" class=\"elementor elementor-778\">\n\t\t\t\t\t\t<section class=\"elementor-section elementor-top-section elementor-element elementor-element-57e99a9 elementor-section-boxed elementor-section-height-default elementor-section-height-default\" data-id=\"57e99a9\" data-element_type=\"section\" data-e-type=\"section\">\n\t\t\t\t\t\t<div class=\"elementor-container elementor-column-gap-default\">\n\t\t\t\t\t<div class=\"elementor-column elementor-col-100 elementor-top-column elementor-element elementor-element-add383f\" data-id=\"add383f\" data-element_type=\"column\" data-e-type=\"column\">\n\t\t\t<div class=\"elementor-widget-wrap elementor-element-populated\">\n\t\t\t\t\t\t<div class=\"elementor-element elementor-element-c3b6652 elementor-widget elementor-widget-text-editor\" data-id=\"c3b6652\" data-element_type=\"widget\" data-e-type=\"widget\" data-widget_type=\"text-editor.default\">\n\t\t\t\t<div class=\"elementor-widget-container\">\n\t\t\t\t\t\t\t\t\t\n<p class=\"has-text-align-left\"><strong>L\u2019\u00e9conomie locale de la commune de l\u2019Oti 1 est principalement ax\u00e9e sur l\u2019agriculture, l\u2019\u00e9levage, la p\u00eache, l\u2019artisanat, le commerce, le tourisme et l\u2019industrie.<\/strong><\/p>\n\t\t\t\t\t\t\t\t<\/div>\n\t\t\t\t<\/div>\n\t\t\t\t<div class=\"elementor-element elementor-element-42136bc elementor-widget elementor-widget-heading\" data-id=\"42136bc\" data-element_type=\"widget\" data-e-type=\"widget\" data-widget_type=\"heading.default\">\n\t\t\t\t<div class=\"elementor-widget-container\">\n\t\t\t\t\t<h2 class=\"elementor-heading-title elementor-size-default\">Agriculture<\/h2>\t\t\t\t<\/div>\n\t\t\t\t<\/div>\n\t\t\t\t<div class=\"elementor-element elementor-element-59c3a2d elementor-widget-divider--view-line elementor-widget elementor-widget-divider\" data-id=\"59c3a2d\" data-element_type=\"widget\" data-e-type=\"widget\" data-widget_type=\"divider.default\">\n\t\t\t\t<div class=\"elementor-widget-container\">\n\t\t\t\t\t\t\t<div class=\"elementor-divider\">\n\t\t\t<span class=\"elementor-divider-separator\">\n\t\t\t\t\t\t<\/span>\n\t\t<\/div>\n\t\t\t\t\t\t<\/div>\n\t\t\t\t<\/div>\n\t\t\t\t\t<\/div>\n\t\t<\/div>\n\t\t\t\t\t<\/div>\n\t\t<\/section>\n\t\t\t\t<section class=\"elementor-section elementor-top-section elementor-element elementor-element-e3c5547 elementor-section-boxed elementor-section-height-default elementor-section-height-default\" data-id=\"e3c5547\" data-element_type=\"section\" data-e-type=\"section\">\n\t\t\t\t\t\t<div class=\"elementor-container elementor-column-gap-default\">\n\t\t\t\t\t<div class=\"elementor-column elementor-col-50 elementor-top-column elementor-element elementor-element-02973ce\" data-id=\"02973ce\" data-element_type=\"column\" data-e-type=\"column\">\n\t\t\t<div class=\"elementor-widget-wrap elementor-element-populated\">\n\t\t\t\t\t\t<div class=\"elementor-element elementor-element-678cc13 elementor-widget elementor-widget-image\" data-id=\"678cc13\" data-element_type=\"widget\" data-e-type=\"widget\" data-widget_type=\"image.default\">\n\t\t\t\t<div class=\"elementor-widget-container\">\n\t\t\t\t\t\t\t\t\t\t\t\t\t\t\t<img fetchpriority=\"high\" decoding=\"async\" width=\"843\" height=\"562\" src=\"https:\/\/www.communeoti1.org\/wp-content\/uploads\/2026\/02\/whiskerflowers-maize-4503781_1920.jpg\" class=\"attachment-large size-large wp-image-869\" alt=\"\" \/>\t\t\t\t\t\t\t\t\t\t\t\t\t\t\t<\/div>\n\t\t\t\t<\/div>\n\t\t\t\t\t<\/div>\n\t\t<\/div>\n\t\t\t\t<div class=\"elementor-column elementor-col-50 elementor-top-column elementor-element elementor-element-d25630f\" data-id=\"d25630f\" data-element_type=\"column\" data-e-type=\"column\">\n\t\t\t<div class=\"elementor-widget-wrap elementor-element-populated\">\n\t\t\t\t\t\t<div class=\"elementor-element elementor-element-fa4d138 elementor-widget elementor-widget-text-editor\" data-id=\"fa4d138\" data-element_type=\"widget\" data-e-type=\"widget\" data-widget_type=\"text-editor.default\">\n\t\t\t\t<div class=\"elementor-widget-container\">\n\t\t\t\t\t\t\t\t\t<p>L\u2019agriculture repr\u00e9sente la principale activit\u00e9 \u00e9conomique de la commune. La principale culture est le riz\u00a0; sa production augmente d\u2019ann\u00e9e en ann\u00e9e. Les autres cultures pratiqu\u00e9es sont\u00a0: le ma\u00efs, le soja, le s\u00e9same, le manioc, l\u2019igname, le sorgho et le coton. Au niveau des cultures maraich\u00e8res, la production de l\u2019oignon pr\u00e9domine sur les autres comme le piment, la tomate, le gombo, le chou, la past\u00e8que, le melon, etc\u2026<\/p>\n<p>Les producteurs \u00e9voluent individuellement dans leurs activit\u00e9s mais se r\u00e9unissent en coop\u00e9ratives pour la vente des produits et l\u2019acquisition des intrants agricoles.<\/p>\n<p>Il convient de signaler que la taille des surfaces exploit\u00e9es varie suivant la capacit\u00e9 et les moyens financiers du producteur, la situation g\u00e9ographique des exploitations, et selon la disponibilit\u00e9 des terres cultivables. La taille des exploitations varie de 0,5 \u00e0 50 hectares.\u00a0<\/p>\t\t\t\t\t\t\t\t<\/div>\n\t\t\t\t<\/div>\n\t\t\t\t\t<\/div>\n\t\t<\/div>\n\t\t\t\t\t<\/div>\n\t\t<\/section>\n\t\t\t\t<section class=\"elementor-section elementor-top-section elementor-element elementor-element-4a16782 elementor-section-boxed elementor-section-height-default elementor-section-height-default\" data-id=\"4a16782\" data-element_type=\"section\" data-e-type=\"section\">\n\t\t\t\t\t\t<div class=\"elementor-container elementor-column-gap-default\">\n\t\t\t\t\t<div class=\"elementor-column elementor-col-100 elementor-top-column elementor-element elementor-element-5de9f73\" data-id=\"5de9f73\" data-element_type=\"column\" data-e-type=\"column\">\n\t\t\t<div class=\"elementor-widget-wrap elementor-element-populated\">\n\t\t\t\t\t\t<div class=\"elementor-element elementor-element-a946c71 elementor-widget elementor-widget-heading\" data-id=\"a946c71\" data-element_type=\"widget\" data-e-type=\"widget\" data-widget_type=\"heading.default\">\n\t\t\t\t<div class=\"elementor-widget-container\">\n\t\t\t\t\t<h2 class=\"elementor-heading-title elementor-size-default\">Elevage<\/h2>\t\t\t\t<\/div>\n\t\t\t\t<\/div>\n\t\t\t\t<div class=\"elementor-element elementor-element-a6c3ac8 elementor-widget-divider--view-line elementor-widget elementor-widget-divider\" data-id=\"a6c3ac8\" data-element_type=\"widget\" data-e-type=\"widget\" data-widget_type=\"divider.default\">\n\t\t\t\t<div class=\"elementor-widget-container\">\n\t\t\t\t\t\t\t<div class=\"elementor-divider\">\n\t\t\t<span class=\"elementor-divider-separator\">\n\t\t\t\t\t\t<\/span>\n\t\t<\/div>\n\t\t\t\t\t\t<\/div>\n\t\t\t\t<\/div>\n\t\t\t\t\t<\/div>\n\t\t<\/div>\n\t\t\t\t\t<\/div>\n\t\t<\/section>\n\t\t\t\t<section class=\"elementor-section elementor-top-section elementor-element elementor-element-7113ad9 elementor-section-boxed elementor-section-height-default elementor-section-height-default\" data-id=\"7113ad9\" data-element_type=\"section\" data-e-type=\"section\">\n\t\t\t\t\t\t<div class=\"elementor-container elementor-column-gap-default\">\n\t\t\t\t\t<div class=\"elementor-column elementor-col-50 elementor-top-column elementor-element elementor-element-82baa3a\" data-id=\"82baa3a\" data-element_type=\"column\" data-e-type=\"column\">\n\t\t\t<div class=\"elementor-widget-wrap elementor-element-populated\">\n\t\t\t\t\t\t<div class=\"elementor-element elementor-element-3776f27 elementor-widget elementor-widget-text-editor\" data-id=\"3776f27\" data-element_type=\"widget\" data-e-type=\"widget\" data-widget_type=\"text-editor.default\">\n\t\t\t\t<div class=\"elementor-widget-container\">\n\t\t\t\t\t\t\t\t\t<p>Lorem ipsum dolor sit amet, consectetur adipiscing elit. Ut elit tellus, luctus nec ullamcorper mattis, pulvinar dapibus leo.Lorem ipsum dolor sit amet, consectetur adipiscing elit. Ut elit tellus, luctus nec ullamcorper mattis, pulvinar dapibus leo.Lorem ipsum dolor sit amet, consectetur adipiscing elit. Ut elit tellus, luctus nec ullamcorper mattis, pulvinar dapibus leo.Lorem ipsum dolor sit amet, consectetur adipiscing elit. Ut elit tellus, luctus nec ullamcorper mattis, pulvinar dapibus leo.<\/p>\t\t\t\t\t\t\t\t<\/div>\n\t\t\t\t<\/div>\n\t\t\t\t\t<\/div>\n\t\t<\/div>\n\t\t\t\t<div class=\"elementor-column elementor-col-50 elementor-top-column elementor-element elementor-element-577c4ca\" data-id=\"577c4ca\" data-element_type=\"column\" data-e-type=\"column\">\n\t\t\t<div class=\"elementor-widget-wrap elementor-element-populated\">\n\t\t\t\t\t\t<div class=\"elementor-element elementor-element-a2a2b23 elementor-widget elementor-widget-image\" data-id=\"a2a2b23\" data-element_type=\"widget\" data-e-type=\"widget\" data-widget_type=\"image.default\">\n\t\t\t\t<div class=\"elementor-widget-container\">\n\t\t\t\t\t\t\t\t\t\t\t\t\t\t\t<img decoding=\"async\" width=\"843\" height=\"562\" src=\"https:\/\/www.communeoti1.org\/wp-content\/uploads\/2026\/02\/fietzfotos-cows-5942097_1920.jpg\" class=\"attachment-large size-large wp-image-870\" alt=\"\" \/>\t\t\t\t\t\t\t\t\t\t\t\t\t\t\t<\/div>\n\t\t\t\t<\/div>\n\t\t\t\t\t<\/div>\n\t\t<\/div>\n\t\t\t\t\t<\/div>\n\t\t<\/section>\n\t\t\t\t<section class=\"elementor-section elementor-top-section elementor-element elementor-element-d7be5c4 elementor-section-boxed elementor-section-height-default elementor-section-height-default\" data-id=\"d7be5c4\" data-element_type=\"section\" data-e-type=\"section\">\n\t\t\t\t\t\t<div class=\"elementor-container elementor-column-gap-default\">\n\t\t\t\t\t<div class=\"elementor-column elementor-col-100 elementor-top-column elementor-element elementor-element-f452896\" data-id=\"f452896\" data-element_type=\"column\" data-e-type=\"column\">\n\t\t\t<div class=\"elementor-widget-wrap elementor-element-populated\">\n\t\t\t\t\t\t<div class=\"elementor-element elementor-element-08b682e elementor-widget elementor-widget-heading\" data-id=\"08b682e\" data-element_type=\"widget\" data-e-type=\"widget\" data-widget_type=\"heading.default\">\n\t\t\t\t<div class=\"elementor-widget-container\">\n\t\t\t\t\t<h2 class=\"elementor-heading-title elementor-size-default\">La P\u00eache<\/h2>\t\t\t\t<\/div>\n\t\t\t\t<\/div>\n\t\t\t\t<div class=\"elementor-element elementor-element-9ece8f0 elementor-widget-divider--view-line elementor-widget elementor-widget-divider\" data-id=\"9ece8f0\" data-element_type=\"widget\" data-e-type=\"widget\" data-widget_type=\"divider.default\">\n\t\t\t\t<div class=\"elementor-widget-container\">\n\t\t\t\t\t\t\t<div class=\"elementor-divider\">\n\t\t\t<span class=\"elementor-divider-separator\">\n\t\t\t\t\t\t<\/span>\n\t\t<\/div>\n\t\t\t\t\t\t<\/div>\n\t\t\t\t<\/div>\n\t\t\t\t\t<\/div>\n\t\t<\/div>\n\t\t\t\t\t<\/div>\n\t\t<\/section>\n\t\t\t\t<section class=\"elementor-section elementor-top-section elementor-element elementor-element-d0ce777 elementor-section-boxed elementor-section-height-default elementor-section-height-default\" data-id=\"d0ce777\" data-element_type=\"section\" data-e-type=\"section\">\n\t\t\t\t\t\t<div class=\"elementor-container elementor-column-gap-default\">\n\t\t\t\t\t<div class=\"elementor-column elementor-col-50 elementor-top-column elementor-element elementor-element-765d01d\" data-id=\"765d01d\" data-element_type=\"column\" data-e-type=\"column\">\n\t\t\t<div class=\"elementor-widget-wrap elementor-element-populated\">\n\t\t\t\t\t\t<div class=\"elementor-element elementor-element-93db837 elementor-widget elementor-widget-image\" data-id=\"93db837\" data-element_type=\"widget\" data-e-type=\"widget\" data-widget_type=\"image.default\">\n\t\t\t\t<div class=\"elementor-widget-container\">\n\t\t\t\t\t\t\t\t\t\t\t\t\t\t\t<img decoding=\"async\" width=\"843\" height=\"564\" src=\"https:\/\/www.communeoti1.org\/wp-content\/uploads\/2026\/03\/marcellosokal-man-7834594_1920.jpg\" class=\"attachment-large size-large wp-image-903\" alt=\"\" \/>\t\t\t\t\t\t\t\t\t\t\t\t\t\t\t<\/div>\n\t\t\t\t<\/div>\n\t\t\t\t\t<\/div>\n\t\t<\/div>\n\t\t\t\t<div class=\"elementor-column elementor-col-50 elementor-top-column elementor-element elementor-element-026315a\" data-id=\"026315a\" data-element_type=\"column\" data-e-type=\"column\">\n\t\t\t<div class=\"elementor-widget-wrap elementor-element-populated\">\n\t\t\t\t\t\t<div class=\"elementor-element elementor-element-3313663 elementor-widget elementor-widget-text-editor\" data-id=\"3313663\" data-element_type=\"widget\" data-e-type=\"widget\" data-widget_type=\"text-editor.default\">\n\t\t\t\t<div class=\"elementor-widget-container\">\n\t\t\t\t\t\t\t\t\t<p>La p\u00eache occupe une place tr\u00e8s importante dans l\u2019\u00e9conomie de la commune de l\u2019Oti1. La p\u00eache est pratiqu\u00e9e sur les rivi\u00e8res Oti, Koumongou et dans les marres de la commune telles que\u00a0: Liki, Kpekagou, Kpaki, Gbari, Bala, Boyou, Bouchekou, Bori et Kouma-kaki bri. Les outils utilis\u00e9s sont\u00a0: la pirogue, hame\u00e7ons, nasses et les filets.<\/p>\n<p>Les p\u00eacheurs de la commune sont regroup\u00e9s en groupements puis en coop\u00e9ratives<\/p>\n<p>Les produits p\u00e9ch\u00e9s sont vendus frais ou transform\u00e9s par les femmes des groupements. <\/p>\t\t\t\t\t\t\t\t<\/div>\n\t\t\t\t<\/div>\n\t\t\t\t\t<\/div>\n\t\t<\/div>\n\t\t\t\t\t<\/div>\n\t\t<\/section>\n\t\t\t\t<section class=\"elementor-section elementor-top-section elementor-element elementor-element-41612c9 elementor-section-boxed elementor-section-height-default elementor-section-height-default\" data-id=\"41612c9\" data-element_type=\"section\" data-e-type=\"section\">\n\t\t\t\t\t\t<div class=\"elementor-container elementor-column-gap-default\">\n\t\t\t\t\t<div class=\"elementor-column elementor-col-100 elementor-top-column elementor-element elementor-element-a363858\" data-id=\"a363858\" data-element_type=\"column\" data-e-type=\"column\">\n\t\t\t<div class=\"elementor-widget-wrap elementor-element-populated\">\n\t\t\t\t\t\t<div class=\"elementor-element elementor-element-c2aa24c elementor-widget elementor-widget-heading\" data-id=\"c2aa24c\" data-element_type=\"widget\" data-e-type=\"widget\" data-widget_type=\"heading.default\">\n\t\t\t\t<div class=\"elementor-widget-container\">\n\t\t\t\t\t<h2 class=\"elementor-heading-title elementor-size-default\">L'Artisanat<\/h2>\t\t\t\t<\/div>\n\t\t\t\t<\/div>\n\t\t\t\t<div class=\"elementor-element elementor-element-f976f75 elementor-widget-divider--view-line elementor-widget elementor-widget-divider\" data-id=\"f976f75\" data-element_type=\"widget\" data-e-type=\"widget\" data-widget_type=\"divider.default\">\n\t\t\t\t<div class=\"elementor-widget-container\">\n\t\t\t\t\t\t\t<div class=\"elementor-divider\">\n\t\t\t<span class=\"elementor-divider-separator\">\n\t\t\t\t\t\t<\/span>\n\t\t<\/div>\n\t\t\t\t\t\t<\/div>\n\t\t\t\t<\/div>\n\t\t\t\t\t<\/div>\n\t\t<\/div>\n\t\t\t\t\t<\/div>\n\t\t<\/section>\n\t\t\t\t<section class=\"elementor-section elementor-top-section elementor-element elementor-element-1eccf9f elementor-section-boxed elementor-section-height-default elementor-section-height-default\" data-id=\"1eccf9f\" data-element_type=\"section\" data-e-type=\"section\">\n\t\t\t\t\t\t<div class=\"elementor-container elementor-column-gap-default\">\n\t\t\t\t\t<div class=\"elementor-column elementor-col-50 elementor-top-column elementor-element elementor-element-702ba5c\" data-id=\"702ba5c\" data-element_type=\"column\" data-e-type=\"column\">\n\t\t\t<div class=\"elementor-widget-wrap elementor-element-populated\">\n\t\t\t\t\t\t<div class=\"elementor-element elementor-element-ff8ab95 elementor-widget elementor-widget-text-editor\" data-id=\"ff8ab95\" data-element_type=\"widget\" data-e-type=\"widget\" data-widget_type=\"text-editor.default\">\n\t\t\t\t<div class=\"elementor-widget-container\">\n\t\t\t\t\t\t\t\t\t<p>L\u2019artisanat est devenu un secteur utilisant un fort taux de main d\u2019\u0153uvre et poss\u00e8de une grande capacit\u00e9 d\u2019adaptation et de cr\u00e9ation d\u2019emplois. Les activit\u00e9s artisanales sont class\u00e9es en huit (08) branches professionnelles a savoir:\u00a0<\/p>\n<p>Agroalimentaire, alimentation, petite restauration<\/p>\n<p>Mines et carri\u00e8res, construction et b\u00e2timent<\/p>\n<p>Fabrication m\u00e9tallique m\u00e9canique, \u00e9lectrom\u00e9canique<\/p>\n<p>Bois et assimil\u00e9s, mobilier et ameublement<\/p>\n<p>Textile, habillement, cuirs et peaux<\/p>\n<p>Audiovisuel et communication<\/p>\n<p>Hygi\u00e8ne et soins corporels<\/p>\n<p>Artisanat d\u2019art<\/p>\t\t\t\t\t\t\t\t<\/div>\n\t\t\t\t<\/div>\n\t\t\t\t\t<\/div>\n\t\t<\/div>\n\t\t\t\t<div class=\"elementor-column elementor-col-50 elementor-top-column elementor-element elementor-element-4011f83\" data-id=\"4011f83\" data-element_type=\"column\" data-e-type=\"column\">\n\t\t\t<div class=\"elementor-widget-wrap elementor-element-populated\">\n\t\t\t\t\t\t<div class=\"elementor-element elementor-element-18ce902 elementor-widget elementor-widget-image\" data-id=\"18ce902\" data-element_type=\"widget\" data-e-type=\"widget\" data-widget_type=\"image.default\">\n\t\t\t\t<div class=\"elementor-widget-container\">\n\t\t\t\t\t\t\t\t\t\t\t\t\t\t\t<img loading=\"lazy\" decoding=\"async\" width=\"742\" height=\"1024\" src=\"https:\/\/www.communeoti1.org\/wp-content\/uploads\/2026\/03\/annerivendell-woodwork-5840413_1920.jpg\" class=\"attachment-large size-large wp-image-912\" alt=\"\" \/>\t\t\t\t\t\t\t\t\t\t\t\t\t\t\t<\/div>\n\t\t\t\t<\/div>\n\t\t\t\t\t<\/div>\n\t\t<\/div>\n\t\t\t\t\t<\/div>\n\t\t<\/section>\n\t\t\t\t<section class=\"elementor-section elementor-top-section elementor-element elementor-element-0dbcf3b elementor-section-boxed elementor-section-height-default elementor-section-height-default\" data-id=\"0dbcf3b\" data-element_type=\"section\" data-e-type=\"section\">\n\t\t\t\t\t\t<div class=\"elementor-container elementor-column-gap-default\">\n\t\t\t\t\t<div class=\"elementor-column elementor-col-100 elementor-top-column elementor-element elementor-element-b1c7c57\" data-id=\"b1c7c57\" data-element_type=\"column\" data-e-type=\"column\">\n\t\t\t<div class=\"elementor-widget-wrap elementor-element-populated\">\n\t\t\t\t\t\t<div class=\"elementor-element elementor-element-2dde5a0 elementor-widget elementor-widget-heading\" data-id=\"2dde5a0\" data-element_type=\"widget\" data-e-type=\"widget\" data-widget_type=\"heading.default\">\n\t\t\t\t<div class=\"elementor-widget-container\">\n\t\t\t\t\t<h2 class=\"elementor-heading-title elementor-size-default\">Le Tourisme<\/h2>\t\t\t\t<\/div>\n\t\t\t\t<\/div>\n\t\t\t\t<div class=\"elementor-element elementor-element-916747a elementor-widget-divider--view-line elementor-widget elementor-widget-divider\" data-id=\"916747a\" data-element_type=\"widget\" data-e-type=\"widget\" data-widget_type=\"divider.default\">\n\t\t\t\t<div class=\"elementor-widget-container\">\n\t\t\t\t\t\t\t<div class=\"elementor-divider\">\n\t\t\t<span class=\"elementor-divider-separator\">\n\t\t\t\t\t\t<\/span>\n\t\t<\/div>\n\t\t\t\t\t\t<\/div>\n\t\t\t\t<\/div>\n\t\t\t\t\t<\/div>\n\t\t<\/div>\n\t\t\t\t\t<\/div>\n\t\t<\/section>\n\t\t\t\t<section class=\"elementor-section elementor-top-section elementor-element elementor-element-00dddd8 elementor-section-boxed elementor-section-height-default elementor-section-height-default\" data-id=\"00dddd8\" data-element_type=\"section\" data-e-type=\"section\">\n\t\t\t\t\t\t<div class=\"elementor-container elementor-column-gap-default\">\n\t\t\t\t\t<div class=\"elementor-column elementor-col-66 elementor-top-column elementor-element elementor-element-53ffa96\" data-id=\"53ffa96\" data-element_type=\"column\" data-e-type=\"column\">\n\t\t\t<div class=\"elementor-widget-wrap elementor-element-populated\">\n\t\t\t\t\t\t<div class=\"elementor-element elementor-element-9d961b1 elementor-widget elementor-widget-text-editor\" data-id=\"9d961b1\" data-element_type=\"widget\" data-e-type=\"widget\" data-widget_type=\"text-editor.default\">\n\t\t\t\t<div class=\"elementor-widget-container\">\n\t\t\t\t\t\t\t\t\t<p>Le tourisme n\u2019est pas d\u00e9velopp\u00e9 dans la commune. Les sites sont de plusieurs types \u00e0 savoir culturels, arch\u00e9ologiques, historiques et autres. La commune ne dispose que d\u2019un site touristique mis en valeur. On enregistre \u00e9galement dans le patrimoine culturel de la commune une multitude de danses avec des accoutrements traditionnels surtout lors des f\u00eates traditionnelles\u00a0: Koudapaani , kouroubi et N\u2019djom\u00e8n\u00e8 . Les danses traditionnelles pratiqu\u00e9es dans la commune sont\u00a0: Kp\u00e9kp\u00e9r\u00e9, N\u2019gond\u00e8 (danse des princes Dozo), Awassa, Babati, Daboni, Knatching et Kouroubi.<\/p>\n<p>Entre autres on peut identifier les sites touristiques comme la tombe royale du roi NAMBIEMA BONSAFO, du cimeti\u00e8re allemand, la marre aux hippopotames de Koumbeloti, l\u2019atelier des forgerons, la poterie de Mango.<\/p>\n<p>La commune offre une exp\u00e9rience touristique unique, m\u00ealant nature, culture et histoire.<\/p>\n<ul>\n<li><strong>La nature : <\/strong>Le barrage de Koumbeloti, pr\u00e8s de Mango, permet d&rsquo;observer les hippopotames dans leur milieu naturel. Le fleuve Oti offre des paysages magnifiques dont le bras mort de l\u2019Oti qui est un site naturel d\u2019une grande richesse \u00e9cologique et culturelle. Des activit\u00e9s tels le safari-photo, les travers\u00e9es en pirogue, les observations de la nature pourraient \u00eatre envisag\u00e9es.<\/li>\n<li><strong>La culture <\/strong><strong>: <\/strong>Mango est habit\u00e9e par les Anoufo (ou Tchokossi), un peuple avec une riche tradition culturelle. La ville abrite le Mus\u00e9e de Mango, qui conserve l&rsquo;histoire et la culture des peuples de la r\u00e9gion des savanes.\u00a0<\/li>\n<li><strong>L&rsquo;histoire<\/strong><strong> :<\/strong>Le cimeti\u00e8re allemand, r\u00e9am\u00e9nag\u00e9 en 1990, comm\u00e9more les batailles de la Premi\u00e8re Guerre mondiale.\u00a0<\/li>\n<\/ul>\t\t\t\t\t\t\t\t<\/div>\n\t\t\t\t<\/div>\n\t\t\t\t\t<\/div>\n\t\t<\/div>\n\t\t\t\t<div class=\"elementor-column elementor-col-33 elementor-top-column elementor-element elementor-element-3dc8e79\" data-id=\"3dc8e79\" data-element_type=\"column\" data-e-type=\"column\">\n\t\t\t<div class=\"elementor-widget-wrap elementor-element-populated\">\n\t\t\t\t\t\t<div class=\"elementor-element elementor-element-8566ca2 elementor-widget elementor-widget-image\" data-id=\"8566ca2\" data-element_type=\"widget\" data-e-type=\"widget\" data-widget_type=\"image.default\">\n\t\t\t\t<div class=\"elementor-widget-container\">\n\t\t\t\t\t\t\t\t\t\t\t\t\t\t\t<img loading=\"lazy\" decoding=\"async\" width=\"843\" height=\"562\" src=\"https:\/\/www.communeoti1.org\/wp-content\/uploads\/2026\/03\/marilari-game-drive-5730684_1280.jpg\" class=\"attachment-large size-large wp-image-916\" alt=\"\" \/>\t\t\t\t\t\t\t\t\t\t\t\t\t\t\t<\/div>\n\t\t\t\t<\/div>\n\t\t\t\t\t<\/div>\n\t\t<\/div>\n\t\t\t\t\t<\/div>\n\t\t<\/section>\n\t\t\t\t<\/div>\n\t\t","protected":false},"excerpt":{"rendered":"<p>L\u2019\u00e9conomie locale de la commune de l\u2019Oti 1 est principalement ax\u00e9e sur l\u2019agriculture, l\u2019\u00e9levage, la p\u00eache, l\u2019artisanat, le commerce, le tourisme et l\u2019industrie. Agriculture L\u2019agriculture&hellip;<\/p>\n","protected":false},"author":1,"featured_media":797,"parent":0,"menu_order":0,"comment_status":"closed","ping_status":"closed","template":"","meta":{"footnotes":""},"class_list":["post-778","page","type-page","status-publish","has-post-thumbnail","hentry"],"_links":{"self":[{"href":"https:\/\/www.communeoti1.org\/index.php\/wp-json\/wp\/v2\/pages\/778","targetHints":{"allow":["GET"]}}],"collection":[{"href":"https:\/\/www.communeoti1.org\/index.php\/wp-json\/wp\/v2\/pages"}],"about":[{"href":"https:\/\/www.communeoti1.org\/index.php\/wp-json\/wp\/v2\/types\/page"}],"author":[{"embeddable":true,"href":"https:\/\/www.communeoti1.org\/index.php\/wp-json\/wp\/v2\/users\/1"}],"replies":[{"embeddable":true,"href":"https:\/\/www.communeoti1.org\/index.php\/wp-json\/wp\/v2\/comments?post=778"}],"version-history":[{"count":30,"href":"https:\/\/www.communeoti1.org\/index.php\/wp-json\/wp\/v2\/pages\/778\/revisions"}],"predecessor-version":[{"id":921,"href":"https:\/\/www.communeoti1.org\/index.php\/wp-json\/wp\/v2\/pages\/778\/revisions\/921"}],"wp:featuredmedia":[{"embeddable":true,"href":"https:\/\/www.communeoti1.org\/index.php\/wp-json\/wp\/v2\/media\/797"}],"wp:attachment":[{"href":"https:\/\/www.communeoti1.org\/index.php\/wp-json\/wp\/v2\/media?parent=778"}],"curies":[{"name":"wp","href":"https:\/\/api.w.org\/{rel}","templated":true}]}}