{"id":607,"date":"2026-02-02T12:34:03","date_gmt":"2026-02-02T11:34:03","guid":{"rendered":"https:\/\/www.communeoti1.org\/?page_id=607"},"modified":"2026-02-17T17:06:41","modified_gmt":"2026-02-17T16:06:41","slug":"conseil-municipal","status":"publish","type":"page","link":"https:\/\/www.communeoti1.org\/index.php\/conseil-municipal\/","title":{"rendered":"conseil municipal"},"content":{"rendered":"\t\t<div data-elementor-type=\"wp-page\" data-elementor-id=\"607\" class=\"elementor elementor-607\">\n\t\t\t\t\t\t<section class=\"elementor-section elementor-top-section elementor-element elementor-element-8088237 elementor-section-boxed elementor-section-height-default elementor-section-height-default\" data-id=\"8088237\" data-element_type=\"section\" data-e-type=\"section\">\n\t\t\t\t\t\t<div class=\"elementor-container elementor-column-gap-default\">\n\t\t\t\t\t<div class=\"elementor-column elementor-col-100 elementor-top-column elementor-element elementor-element-0d62456\" data-id=\"0d62456\" data-element_type=\"column\" data-e-type=\"column\">\n\t\t\t<div class=\"elementor-widget-wrap elementor-element-populated\">\n\t\t\t\t\t\t<div class=\"elementor-element elementor-element-ae5f480 elementor-widget elementor-widget-text-editor\" data-id=\"ae5f480\" data-element_type=\"widget\" data-e-type=\"widget\" data-widget_type=\"text-editor.default\">\n\t\t\t\t<div class=\"elementor-widget-container\">\n\t\t\t\t\t\t\t\t\t<p><strong>Les \u00e9lections municipales du 17 juillet 2025 ont donn\u00e9 la m\u00eame configuration que le conseil municipal de la premi\u00e8re mandature \u00e0 savoir 10 si\u00e8ges pour le parti majoritaire contre 1 si\u00e8ge pour l\u2019opposition. Il convient de pr\u00e9ciser que le nouveau conseil compte seulement une \u00e9lue locale. La commune de l\u2019Oti 1, pr\u00e9sente deux organes de gestion : un organe d\u00e9lib\u00e9rant, le conseil municipal, compos\u00e9 de 11 membres et un organe ex\u00e9cutif, le bureau, compos\u00e9 du maire et de son adjoint, tous des hommes. En termes de r\u00e9sidence et de localit\u00e9 d\u2019origine, tous les cantons de la commune sont repr\u00e9sent\u00e9s<\/strong><\/p>\t\t\t\t\t\t\t\t<\/div>\n\t\t\t\t<\/div>\n\t\t\t\t\t<\/div>\n\t\t<\/div>\n\t\t\t\t\t<\/div>\n\t\t<\/section>\n\t\t\t\t<\/div>\n\t\t","protected":false},"excerpt":{"rendered":"<p>Les \u00e9lections municipales du 17 juillet 2025 ont donn\u00e9 la m\u00eame configuration que le conseil municipal de la premi\u00e8re mandature \u00e0 savoir 10 si\u00e8ges pour&hellip;<\/p>\n","protected":false},"author":1,"featured_media":719,"parent":0,"menu_order":0,"comment_status":"closed","ping_status":"closed","template":"","meta":{"footnotes":""},"class_list":["post-607","page","type-page","status-publish","has-post-thumbnail","hentry"],"_links":{"self":[{"href":"https:\/\/www.communeoti1.org\/index.php\/wp-json\/wp\/v2\/pages\/607","targetHints":{"allow":["GET"]}}],"collection":[{"href":"https:\/\/www.communeoti1.org\/index.php\/wp-json\/wp\/v2\/pages"}],"about":[{"href":"https:\/\/www.communeoti1.org\/index.php\/wp-json\/wp\/v2\/types\/page"}],"author":[{"embeddable":true,"href":"https:\/\/www.communeoti1.org\/index.php\/wp-json\/wp\/v2\/users\/1"}],"replies":[{"embeddable":true,"href":"https:\/\/www.communeoti1.org\/index.php\/wp-json\/wp\/v2\/comments?post=607"}],"version-history":[{"count":4,"href":"https:\/\/www.communeoti1.org\/index.php\/wp-json\/wp\/v2\/pages\/607\/revisions"}],"predecessor-version":[{"id":773,"href":"https:\/\/www.communeoti1.org\/index.php\/wp-json\/wp\/v2\/pages\/607\/revisions\/773"}],"wp:featuredmedia":[{"embeddable":true,"href":"https:\/\/www.communeoti1.org\/index.php\/wp-json\/wp\/v2\/media\/719"}],"wp:attachment":[{"href":"https:\/\/www.communeoti1.org\/index.php\/wp-json\/wp\/v2\/media?parent=607"}],"curies":[{"name":"wp","href":"https:\/\/api.w.org\/{rel}","templated":true}]}}