{"id":30,"date":"2018-03-30T03:25:27","date_gmt":"2018-03-30T03:25:27","guid":{"rendered":"https:\/\/customifysites.com\/consulting\/?page_id=30"},"modified":"2026-02-18T11:31:41","modified_gmt":"2026-02-18T10:31:41","slug":"tax-preparation","status":"publish","type":"page","link":"https:\/\/www.communeoti1.org\/index.php\/tax-preparation\/","title":{"rendered":"R R C"},"content":{"rendered":"\t\t<div data-elementor-type=\"wp-post\" data-elementor-id=\"30\" class=\"elementor elementor-30\">\n\t\t\t\t\t\t<section class=\"elementor-section elementor-top-section elementor-element elementor-element-a46a6b8 elementor-section-boxed elementor-section-height-default elementor-section-height-default\" data-id=\"a46a6b8\" data-element_type=\"section\" data-e-type=\"section\">\n\t\t\t\t\t\t<div class=\"elementor-container elementor-column-gap-default\">\n\t\t\t\t\t<div class=\"elementor-column elementor-col-100 elementor-top-column elementor-element elementor-element-b9c0760\" data-id=\"b9c0760\" data-element_type=\"column\" data-e-type=\"column\">\n\t\t\t<div class=\"elementor-widget-wrap elementor-element-populated\">\n\t\t\t\t\t\t<div class=\"elementor-element elementor-element-32912f6 elementor-widget elementor-widget-image\" data-id=\"32912f6\" data-element_type=\"widget\" data-e-type=\"widget\" data-widget_type=\"image.default\">\n\t\t\t\t<div class=\"elementor-widget-container\">\n\t\t\t\t\t\t\t\t\t\t\t\t\t\t\t<img decoding=\"async\" src=\"https:\/\/www.communeoti1.org\/wp-content\/uploads\/elementor\/thumbs\/Capture-decran-2026-02-04-174717-rk1z9va84wm97zew1jwr7tb0bytx3b6n6ac91ffr1c.png\" title=\"Capture d&rsquo;\u00e9cran 2026-02-04 174717\" alt=\"Capture d&#039;\u00e9cran 2026-02-04 174717\" loading=\"lazy\" \/>\t\t\t\t\t\t\t\t\t\t\t\t\t\t\t<\/div>\n\t\t\t\t<\/div>\n\t\t\t\t<div class=\"elementor-element elementor-element-aaa4862 elementor-widget elementor-widget-text-editor\" data-id=\"aaa4862\" data-element_type=\"widget\" data-e-type=\"widget\" data-widget_type=\"text-editor.default\">\n\t\t\t\t<div class=\"elementor-widget-container\">\n\t\t\t\t\t\t\t\t\t<p>Les changements climatiques constituent de nos jours l\u2019un des d\u00e9fis majeurs qui se posent \u00e0 la plan\u00e8te toute enti\u00e8re. De nombreux pays dont le Togo, font face r\u00e9guli\u00e8rement \u00e0 des situations hydrom\u00e9t\u00e9orologiques extr\u00eames qui sont sources de situations d\u2019urgence ou de catastrophes avec un impact n\u00e9gatif consid\u00e9rable sur le d\u00e9veloppement socio-\u00e9conomique des communaut\u00e9s \u00e0 la base. En effet, en 2010, le pays a connu de graves inondations ; ce qui a amen\u00e9 le Gouvernement avec l\u2019appui des Partenaires Techniques et Financiers (PTF) \u00e0 conduire une \u00e9valuation des dommages, pertes et besoins de rel\u00e8vement et de reconstruction post catastrophes (PDNA, 2010). Cette \u00e9valuation approfondie a relev\u00e9 des pertes en vies humaines et estim\u00e9 les pertes mat\u00e9rielles \u00e0 plus de dix-neuf milliards de francs CFA. Les inondations qui s\u2019en sont suivies, pratiquement tous les ans, ont aussi caus\u00e9 des d\u00e9g\u00e2ts importants sans toutefois faire objet d\u2019\u00e9valuation post catastrophe en r\u00e9f\u00e9rence \u00e0 celle de 2010. Les le\u00e7ons apprises de tous ces \u00e9v\u00e9nements ont montr\u00e9 en premier lieu, la faible capacit\u00e9 du pays \u00e0 une gestion efficace et efficiente des risques de catastrophes et menaces. En second lieu, elles ont suscit\u00e9 la n\u00e9cessit\u00e9 de l\u2019int\u00e9gration de cette th\u00e9matique dans les instruments nationaux de planification de d\u00e9veloppement en l\u2019occurrence le plan national d\u2019adaptation aux changements climatiques (2016).<br \/>En outre, la loi N\u00b0 2022-011 du 04 juillet 2022 portant modification de la loi N\u00b02021-020 du 11 octobre 2021, la loi N\u00b0 2019-006 du 26 juin 2019, la loi N\u00b0 2018-003 du 31 janvier 2018 et la loi N\u00b0 2007-011 du 13 mars 2007, fixe les comp\u00e9tences partag\u00e9es entre l\u2019Etat et les collectivit\u00e9s territoriales dans le domaine de la protection civile. Cette loi transf\u00e8re aux collectivit\u00e9s, dans leur ressort territorial respectif, des comp\u00e9tences dans plusieurs domaines parmi lesquels la pr\u00e9vention, la pr\u00e9paration et la r\u00e9ponse aux risques de catastrophes et menaces. Dans ce contexte, il est primordial de prendre en compte la r\u00e9duction des risques de catastrophes dans la gouvernance locale afin d\u2019accro\u00eetre la r\u00e9silience des communaut\u00e9s. Pour ce faire, le minist\u00e8re de la s\u00e9curit\u00e9 et de la protection civile, \u00e0 travers l\u2019Agence nationale de la protection civile et l\u2019appui du Programme des Nations Unies pour le D\u00e9veloppement (PNUD), a initi\u00e9 l\u2019\u00e9laboration des plans d\u2019action locaux de r\u00e9duction des risques de catastrophes (RRC) pour les communes du Togo dont celle de Oti 1. La mise en oeuvre de ce plan contribuera \u00e0 l\u2019atteinte des objectifs de la feuille de route gouvernementale Togo 2025 notamment l\u2019axe 3 \u00ab moderniser le pays et renforcer ses structures \u00bb, l\u2019ambition 10 \u00ab mettre le d\u00e9veloppement durable et l\u2019anticipation des crises futures au coeur des priorit\u00e9s du pays \u00bb, et le P35 \u00ab R\u00e9ponses aux risques climatiques majeurs \u00bb.<\/p><p>L\u2019objectif g\u00e9n\u00e9ral est de contribuer \u00e0 accro\u00eetre la r\u00e9silience des communaut\u00e9s face aux risques de catastrophes.<br \/>Sp\u00e9cifiquement, il s\u2019agit de :<br \/>&#8211; am\u00e9liorer les connaissances sur les risques de catastrophes et les moyens pour y faire face ;<br \/>&#8211; renforcer la gouvernance des risques de catastrophes ;<br \/>&#8211; accro\u00eetre les investissements dans la RRC aux fins de la r\u00e9silience ;<br \/>&#8211; am\u00e9liorer la pr\u00e9paration pour une intervention efficace face aux catastrophes et menaces.<br \/><br \/><\/p><p>Sous le leadership de l\u2019ANPC, le processus d\u2019\u00e9laboration des plans d\u2019actions locaux a \u00e9t\u00e9 participatif \u00e0 travers des s\u00e9ances de concertations avec les acteurs communaux de d\u00e9veloppement. Cette d\u00e9marche a permis de collecter suffisamment des donn\u00e9es et informations au moyen d\u2019un guide d\u2019entretien semi structur\u00e9. Les discussions ont essentiellement port\u00e9 sur : (i) l\u2019\u00e9valuation des al\u00e9as ; (ii) la caract\u00e9risation de trois principaux al\u00e9as ; (iii) l\u2019impact et la vuln\u00e9rabilit\u00e9 ; (iv) l\u2019inventaire des capacit\u00e9s existantes de gestion des risques de catastrophes ; (v) les forces, faiblesses, opportunit\u00e9s et menaces en mati\u00e8re de RRC ; (vi) l\u2019identification d\u2019actions prioritaires, etc. Ont pris part aux concertations, les \u00e9lus locaux \u00e9largis aux repr\u00e9sentants des associations, groupements f\u00e9minins et de jeunes, les CDQ-CVD, la chefferie traditionnelle, les planificateurs locaux de d\u00e9veloppement, les services d\u00e9concentr\u00e9s de l\u2019Etat, les syndicats communautaires, etc. La d\u00e9marche de recherche documentaire a port\u00e9 sur les documents de r\u00e9f\u00e9rence notamment : le Guide pratique de gestion des risques de catastrophes et menaces \u00e0 l\u2019usage des autorit\u00e9s locales, les plans national et r\u00e9gionaux de contingence, la Strat\u00e9gie nationale de RRC, les Monographies des communes, le Cadre d\u2019action de Sendai, etc. Le traitement et l\u2019analyse de ces donn\u00e9es ont permis d\u2019\u00e9laborer lesdits plans d\u2019action qui ont fait objet de validation tant au niveau central que local.<\/p>\t\t\t\t\t\t\t\t<\/div>\n\t\t\t\t<\/div>\n\t\t\t\t\t<\/div>\n\t\t<\/div>\n\t\t\t\t\t<\/div>\n\t\t<\/section>\n\t\t\t\t<section class=\"elementor-section elementor-top-section elementor-element elementor-element-78e75aa elementor-section-boxed elementor-section-height-default elementor-section-height-default\" data-id=\"78e75aa\" data-element_type=\"section\" data-e-type=\"section\">\n\t\t\t\t\t\t<div class=\"elementor-container elementor-column-gap-default\">\n\t\t\t\t\t<div class=\"elementor-column elementor-col-50 elementor-top-column elementor-element elementor-element-06f4356\" data-id=\"06f4356\" data-element_type=\"column\" data-e-type=\"column\">\n\t\t\t<div class=\"elementor-widget-wrap elementor-element-populated\">\n\t\t\t\t\t\t<div class=\"elementor-element elementor-element-2242a05 elementor-widget elementor-widget-heading\" data-id=\"2242a05\" data-element_type=\"widget\" data-e-type=\"widget\" data-widget_type=\"heading.default\">\n\t\t\t\t<div class=\"elementor-widget-container\">\n\t\t\t\t\t<h3 class=\"elementor-heading-title elementor-size-default\">Tax preparation service<\/h3>\t\t\t\t<\/div>\n\t\t\t\t<\/div>\n\t\t\t\t<div class=\"elementor-element elementor-element-a214a17 elementor-widget elementor-widget-text-editor\" data-id=\"a214a17\" data-element_type=\"widget\" data-e-type=\"widget\" data-widget_type=\"text-editor.default\">\n\t\t\t\t<div class=\"elementor-widget-container\">\n\t\t\t\t\t\t\t\t\t<p>Tongue pork chop capicola t-bone. Pork belly jerky kielbasa, biltong shoulder sausage swine strip steak short ribs pork salami brisket.<\/p><p>Tongue sausage leberkas turkey, jerky pork chop drumstick landjaeger capicola ribeye swine shank pastrami spare ribs. Pork chop sirloin flank shank corned beef ham shoulder.<\/p>\t\t\t\t\t\t\t\t<\/div>\n\t\t\t\t<\/div>\n\t\t\t\t\t<\/div>\n\t\t<\/div>\n\t\t\t\t<div class=\"elementor-column elementor-col-50 elementor-top-column elementor-element elementor-element-5ae12b8\" data-id=\"5ae12b8\" data-element_type=\"column\" data-e-type=\"column\">\n\t\t\t<div class=\"elementor-widget-wrap elementor-element-populated\">\n\t\t\t\t\t\t<div class=\"elementor-element elementor-element-7ec566d elementor-widget elementor-widget-heading\" data-id=\"7ec566d\" data-element_type=\"widget\" data-e-type=\"widget\" data-widget_type=\"heading.default\">\n\t\t\t\t<div class=\"elementor-widget-container\">\n\t\t\t\t\t<h3 class=\"elementor-heading-title elementor-size-default\">We help your paper works<\/h3>\t\t\t\t<\/div>\n\t\t\t\t<\/div>\n\t\t\t\t<div class=\"elementor-element elementor-element-cf5054a elementor-widget elementor-widget-text-editor\" data-id=\"cf5054a\" data-element_type=\"widget\" data-e-type=\"widget\" data-widget_type=\"text-editor.default\">\n\t\t\t\t<div class=\"elementor-widget-container\">\n\t\t\t\t\t\t\t\t\t<p>Sausage jerky pancetta porchetta brisket, ribeye ham venison leberkas meatloaf. Tri-tip bacon jowl pancetta tail icanha cupim chuck frankfurter andouille<\/p><p>Doner shoulder strip steak porchetta. Ham frankfurter prosciutto, turkey pastrami sausage fatback shankle shoulder. Strip steak buffalo ham hock picanha tenderloin beef kielbasa jerky.<\/p>\t\t\t\t\t\t\t\t<\/div>\n\t\t\t\t<\/div>\n\t\t\t\t\t<\/div>\n\t\t<\/div>\n\t\t\t\t\t<\/div>\n\t\t<\/section>\n\t\t\t\t<section class=\"elementor-section elementor-top-section elementor-element elementor-element-6ddae7e elementor-section-boxed elementor-section-height-default elementor-section-height-default\" data-id=\"6ddae7e\" data-element_type=\"section\" data-e-type=\"section\">\n\t\t\t\t\t\t<div class=\"elementor-container elementor-column-gap-default\">\n\t\t\t\t\t<div class=\"elementor-column elementor-col-50 elementor-top-column elementor-element elementor-element-22b33ff\" data-id=\"22b33ff\" data-element_type=\"column\" data-e-type=\"column\">\n\t\t\t<div class=\"elementor-widget-wrap elementor-element-populated\">\n\t\t\t\t\t\t<div class=\"elementor-element elementor-element-4b160db elementor-widget elementor-widget-accordion\" data-id=\"4b160db\" data-element_type=\"widget\" data-e-type=\"widget\" data-widget_type=\"accordion.default\">\n\t\t\t\t<div class=\"elementor-widget-container\">\n\t\t\t\t\t\t\t<div class=\"elementor-accordion\">\n\t\t\t\t\t\t\t<div class=\"elementor-accordion-item\">\n\t\t\t\t\t<div id=\"elementor-tab-title-7871\" class=\"elementor-tab-title\" data-tab=\"1\" role=\"button\" aria-controls=\"elementor-tab-content-7871\" aria-expanded=\"false\">\n\t\t\t\t\t\t\t\t\t\t\t\t\t<span class=\"elementor-accordion-icon elementor-accordion-icon-left\" aria-hidden=\"true\">\n\t\t\t\t\t\t\t\t\t\t\t\t\t\t\t<span class=\"elementor-accordion-icon-closed\"><i class=\"fas fa-plus\"><\/i><\/span>\n\t\t\t\t\t\t\t\t<span class=\"elementor-accordion-icon-opened\"><i class=\"fas fa-minus\"><\/i><\/span>\n\t\t\t\t\t\t\t\t\t\t\t\t\t\t<\/span>\n\t\t\t\t\t\t\t\t\t\t\t\t<a class=\"elementor-accordion-title\" tabindex=\"0\">Managing your finances<\/a>\n\t\t\t\t\t<\/div>\n\t\t\t\t\t<div id=\"elementor-tab-content-7871\" class=\"elementor-tab-content elementor-clearfix\" data-tab=\"1\" role=\"region\" aria-labelledby=\"elementor-tab-title-7871\"><p>Porchetta strip steak meatball boudin shankle ribeye picanha jowl meatloaf. Fatback kevin buffalo, shankle meatball frankfurter tongue.<\/p><\/div>\n\t\t\t\t<\/div>\n\t\t\t\t\t\t\t<div class=\"elementor-accordion-item\">\n\t\t\t\t\t<div id=\"elementor-tab-title-7872\" class=\"elementor-tab-title\" data-tab=\"2\" role=\"button\" aria-controls=\"elementor-tab-content-7872\" aria-expanded=\"false\">\n\t\t\t\t\t\t\t\t\t\t\t\t\t<span class=\"elementor-accordion-icon elementor-accordion-icon-left\" aria-hidden=\"true\">\n\t\t\t\t\t\t\t\t\t\t\t\t\t\t\t<span class=\"elementor-accordion-icon-closed\"><i class=\"fas fa-plus\"><\/i><\/span>\n\t\t\t\t\t\t\t\t<span class=\"elementor-accordion-icon-opened\"><i class=\"fas fa-minus\"><\/i><\/span>\n\t\t\t\t\t\t\t\t\t\t\t\t\t\t<\/span>\n\t\t\t\t\t\t\t\t\t\t\t\t<a class=\"elementor-accordion-title\" tabindex=\"0\">VAT and collecting<\/a>\n\t\t\t\t\t<\/div>\n\t\t\t\t\t<div id=\"elementor-tab-content-7872\" class=\"elementor-tab-content elementor-clearfix\" data-tab=\"2\" role=\"region\" aria-labelledby=\"elementor-tab-title-7872\">I am item content. Click edit button to change this text. Lorem ipsum dolor sit amet, consectetur adipiscing elit. Ut elit tellus, luctus nec ullamcorper mattis, pulvinar dapibus leo.<\/div>\n\t\t\t\t<\/div>\n\t\t\t\t\t\t\t<div class=\"elementor-accordion-item\">\n\t\t\t\t\t<div id=\"elementor-tab-title-7873\" class=\"elementor-tab-title\" data-tab=\"3\" role=\"button\" aria-controls=\"elementor-tab-content-7873\" aria-expanded=\"false\">\n\t\t\t\t\t\t\t\t\t\t\t\t\t<span class=\"elementor-accordion-icon elementor-accordion-icon-left\" aria-hidden=\"true\">\n\t\t\t\t\t\t\t\t\t\t\t\t\t\t\t<span class=\"elementor-accordion-icon-closed\"><i class=\"fas fa-plus\"><\/i><\/span>\n\t\t\t\t\t\t\t\t<span class=\"elementor-accordion-icon-opened\"><i class=\"fas fa-minus\"><\/i><\/span>\n\t\t\t\t\t\t\t\t\t\t\t\t\t\t<\/span>\n\t\t\t\t\t\t\t\t\t\t\t\t<a class=\"elementor-accordion-title\" tabindex=\"0\">2020 EU VAT Law<\/a>\n\t\t\t\t\t<\/div>\n\t\t\t\t\t<div id=\"elementor-tab-content-7873\" class=\"elementor-tab-content elementor-clearfix\" data-tab=\"3\" role=\"region\" aria-labelledby=\"elementor-tab-title-7873\">I am item content. Click edit button to change this text. Lorem ipsum dolor sit amet, consectetur adipiscing elit. Ut elit tellus, luctus nec ullamcorper mattis, pulvinar dapibus leo.<\/div>\n\t\t\t\t<\/div>\n\t\t\t\t\t\t\t\t<\/div>\n\t\t\t\t\t\t<\/div>\n\t\t\t\t<\/div>\n\t\t\t\t\t<\/div>\n\t\t<\/div>\n\t\t\t\t<div class=\"elementor-column elementor-col-50 elementor-top-column elementor-element elementor-element-baa8aec\" data-id=\"baa8aec\" data-element_type=\"column\" data-e-type=\"column\">\n\t\t\t<div class=\"elementor-widget-wrap elementor-element-populated\">\n\t\t\t\t\t\t<div class=\"elementor-element elementor-element-6c48c8f elementor-widget elementor-widget-accordion\" data-id=\"6c48c8f\" data-element_type=\"widget\" data-e-type=\"widget\" data-widget_type=\"accordion.default\">\n\t\t\t\t<div class=\"elementor-widget-container\">\n\t\t\t\t\t\t\t<div class=\"elementor-accordion\">\n\t\t\t\t\t\t\t<div class=\"elementor-accordion-item\">\n\t\t\t\t\t<div id=\"elementor-tab-title-1131\" class=\"elementor-tab-title\" data-tab=\"1\" role=\"button\" aria-controls=\"elementor-tab-content-1131\" aria-expanded=\"false\">\n\t\t\t\t\t\t\t\t\t\t\t\t\t<span class=\"elementor-accordion-icon elementor-accordion-icon-left\" aria-hidden=\"true\">\n\t\t\t\t\t\t\t\t\t\t\t\t\t\t\t<span class=\"elementor-accordion-icon-closed\"><i class=\"fas fa-plus\"><\/i><\/span>\n\t\t\t\t\t\t\t\t<span class=\"elementor-accordion-icon-opened\"><i class=\"fas fa-minus\"><\/i><\/span>\n\t\t\t\t\t\t\t\t\t\t\t\t\t\t<\/span>\n\t\t\t\t\t\t\t\t\t\t\t\t<a class=\"elementor-accordion-title\" tabindex=\"0\">Trade Law<\/a>\n\t\t\t\t\t<\/div>\n\t\t\t\t\t<div id=\"elementor-tab-content-1131\" class=\"elementor-tab-content elementor-clearfix\" data-tab=\"1\" role=\"region\" aria-labelledby=\"elementor-tab-title-1131\"><p>Porchetta strip steak meatball boudin shankle ribeye picanha jowl meatloaf. Fatback kevin buffalo, shankle meatball frankfurter tongue.<\/p><\/div>\n\t\t\t\t<\/div>\n\t\t\t\t\t\t\t<div class=\"elementor-accordion-item\">\n\t\t\t\t\t<div id=\"elementor-tab-title-1132\" class=\"elementor-tab-title\" data-tab=\"2\" role=\"button\" aria-controls=\"elementor-tab-content-1132\" aria-expanded=\"false\">\n\t\t\t\t\t\t\t\t\t\t\t\t\t<span class=\"elementor-accordion-icon elementor-accordion-icon-left\" aria-hidden=\"true\">\n\t\t\t\t\t\t\t\t\t\t\t\t\t\t\t<span class=\"elementor-accordion-icon-closed\"><i class=\"fas fa-plus\"><\/i><\/span>\n\t\t\t\t\t\t\t\t<span class=\"elementor-accordion-icon-opened\"><i class=\"fas fa-minus\"><\/i><\/span>\n\t\t\t\t\t\t\t\t\t\t\t\t\t\t<\/span>\n\t\t\t\t\t\t\t\t\t\t\t\t<a class=\"elementor-accordion-title\" tabindex=\"0\">Expeses & Taxes<\/a>\n\t\t\t\t\t<\/div>\n\t\t\t\t\t<div id=\"elementor-tab-content-1132\" class=\"elementor-tab-content elementor-clearfix\" data-tab=\"2\" role=\"region\" aria-labelledby=\"elementor-tab-title-1132\">I am item content. Click edit button to change this text. Lorem ipsum dolor sit amet, consectetur adipiscing elit. Ut elit tellus, luctus nec ullamcorper mattis, pulvinar dapibus leo.<\/div>\n\t\t\t\t<\/div>\n\t\t\t\t\t\t\t<div class=\"elementor-accordion-item\">\n\t\t\t\t\t<div id=\"elementor-tab-title-1133\" class=\"elementor-tab-title\" data-tab=\"3\" role=\"button\" aria-controls=\"elementor-tab-content-1133\" aria-expanded=\"false\">\n\t\t\t\t\t\t\t\t\t\t\t\t\t<span class=\"elementor-accordion-icon elementor-accordion-icon-left\" aria-hidden=\"true\">\n\t\t\t\t\t\t\t\t\t\t\t\t\t\t\t<span class=\"elementor-accordion-icon-closed\"><i class=\"fas fa-plus\"><\/i><\/span>\n\t\t\t\t\t\t\t\t<span class=\"elementor-accordion-icon-opened\"><i class=\"fas fa-minus\"><\/i><\/span>\n\t\t\t\t\t\t\t\t\t\t\t\t\t\t<\/span>\n\t\t\t\t\t\t\t\t\t\t\t\t<a class=\"elementor-accordion-title\" tabindex=\"0\">Return and Invesment<\/a>\n\t\t\t\t\t<\/div>\n\t\t\t\t\t<div id=\"elementor-tab-content-1133\" class=\"elementor-tab-content elementor-clearfix\" data-tab=\"3\" role=\"region\" aria-labelledby=\"elementor-tab-title-1133\">I am item content. Click edit button to change this text. Lorem ipsum dolor sit amet, consectetur adipiscing elit. Ut elit tellus, luctus nec ullamcorper mattis, pulvinar dapibus leo.<\/div>\n\t\t\t\t<\/div>\n\t\t\t\t\t\t\t\t<\/div>\n\t\t\t\t\t\t<\/div>\n\t\t\t\t<\/div>\n\t\t\t\t\t<\/div>\n\t\t<\/div>\n\t\t\t\t\t<\/div>\n\t\t<\/section>\n\t\t\t\t<\/div>\n\t\t","protected":false},"excerpt":{"rendered":"<p>Les changements climatiques constituent de nos jours l\u2019un des d\u00e9fis majeurs qui se posent \u00e0 la plan\u00e8te toute enti\u00e8re. De nombreux pays dont le Togo,&hellip;<\/p>\n","protected":false},"author":2,"featured_media":726,"parent":0,"menu_order":0,"comment_status":"closed","ping_status":"closed","template":"","meta":{"footnotes":""},"class_list":["post-30","page","type-page","status-publish","has-post-thumbnail","hentry"],"_links":{"self":[{"href":"https:\/\/www.communeoti1.org\/index.php\/wp-json\/wp\/v2\/pages\/30","targetHints":{"allow":["GET"]}}],"collection":[{"href":"https:\/\/www.communeoti1.org\/index.php\/wp-json\/wp\/v2\/pages"}],"about":[{"href":"https:\/\/www.communeoti1.org\/index.php\/wp-json\/wp\/v2\/types\/page"}],"author":[{"embeddable":true,"href":"https:\/\/www.communeoti1.org\/index.php\/wp-json\/wp\/v2\/users\/2"}],"replies":[{"embeddable":true,"href":"https:\/\/www.communeoti1.org\/index.php\/wp-json\/wp\/v2\/comments?post=30"}],"version-history":[{"count":9,"href":"https:\/\/www.communeoti1.org\/index.php\/wp-json\/wp\/v2\/pages\/30\/revisions"}],"predecessor-version":[{"id":800,"href":"https:\/\/www.communeoti1.org\/index.php\/wp-json\/wp\/v2\/pages\/30\/revisions\/800"}],"wp:featuredmedia":[{"embeddable":true,"href":"https:\/\/www.communeoti1.org\/index.php\/wp-json\/wp\/v2\/media\/726"}],"wp:attachment":[{"href":"https:\/\/www.communeoti1.org\/index.php\/wp-json\/wp\/v2\/media?parent=30"}],"curies":[{"name":"wp","href":"https:\/\/api.w.org\/{rel}","templated":true}]}}